{"id":170,"date":"2017-06-21T07:44:58","date_gmt":"2017-06-21T05:44:58","guid":{"rendered":"http:\/\/oasis.escaut.fr\/?page_id=170"},"modified":"2018-11-18T11:02:40","modified_gmt":"2018-11-18T10:02:40","slug":"partenaires","status":"publish","type":"page","link":"https:\/\/oasis.escaut.fr\/?page_id=170","title":{"rendered":"Partenaires"},"content":{"rendered":"<p><a href=\"https:\/\/www.facebook.com\/LaFermedesLoups\/\" target=\"_blank\" rel=\"noopener\"><img data-recalc-dims=\"1\" loading=\"lazy\" decoding=\"async\" data-attachment-id=\"441\" data-permalink=\"https:\/\/oasis.escaut.fr\/?attachment_id=441#main\" data-orig-file=\"https:\/\/i0.wp.com\/oasis.escaut.fr\/wp-content\/uploads\/2017\/06\/LFDL_logo.jpg?fit=1488%2C1488&amp;ssl=1\" data-orig-size=\"1488,1488\" data-comments-opened=\"1\" data-image-meta=\"{&quot;aperture&quot;:&quot;0&quot;,&quot;credit&quot;:&quot;&quot;,&quot;camera&quot;:&quot;&quot;,&quot;caption&quot;:&quot;&quot;,&quot;created_timestamp&quot;:&quot;0&quot;,&quot;copyright&quot;:&quot;&quot;,&quot;focal_length&quot;:&quot;0&quot;,&quot;iso&quot;:&quot;0&quot;,&quot;shutter_speed&quot;:&quot;0&quot;,&quot;title&quot;:&quot;&quot;,&quot;orientation&quot;:&quot;0&quot;}\" data-image-title=\"LFDL_logo\" data-image-description=\"\" data-image-caption=\"\" data-medium-file=\"https:\/\/i0.wp.com\/oasis.escaut.fr\/wp-content\/uploads\/2017\/06\/LFDL_logo.jpg?fit=300%2C300&amp;ssl=1\" data-large-file=\"https:\/\/i0.wp.com\/oasis.escaut.fr\/wp-content\/uploads\/2017\/06\/LFDL_logo.jpg?fit=780%2C780&amp;ssl=1\" class=\"alignnone wp-image-441 size-thumbnail\" src=\"https:\/\/i0.wp.com\/oasis.escaut.fr\/wp-content\/uploads\/2017\/06\/LFDL_logo.jpg?resize=150%2C150\" alt=\"\" width=\"150\" height=\"150\" srcset=\"https:\/\/i0.wp.com\/oasis.escaut.fr\/wp-content\/uploads\/2017\/06\/LFDL_logo.jpg?resize=150%2C150&amp;ssl=1 150w, https:\/\/i0.wp.com\/oasis.escaut.fr\/wp-content\/uploads\/2017\/06\/LFDL_logo.jpg?resize=300%2C300&amp;ssl=1 300w, https:\/\/i0.wp.com\/oasis.escaut.fr\/wp-content\/uploads\/2017\/06\/LFDL_logo.jpg?resize=768%2C768&amp;ssl=1 768w, https:\/\/i0.wp.com\/oasis.escaut.fr\/wp-content\/uploads\/2017\/06\/LFDL_logo.jpg?resize=1024%2C1024&amp;ssl=1 1024w, https:\/\/i0.wp.com\/oasis.escaut.fr\/wp-content\/uploads\/2017\/06\/LFDL_logo.jpg?resize=200%2C200&amp;ssl=1 200w, https:\/\/i0.wp.com\/oasis.escaut.fr\/wp-content\/uploads\/2017\/06\/LFDL_logo.jpg?w=1488&amp;ssl=1 1488w\" sizes=\"auto, (max-width: 150px) 100vw, 150px\" \/><\/a><br \/>\n<a href=\"https:\/\/la-ferme-des-loups.jimdo.com\/\" target=\"_blank\" rel=\"noopener\">La Ferme des Loups<\/a> :<br \/>\nQui est partenaire de nos actions.<\/p>\n<p>&nbsp;<\/p>\n<p><a href=\"http:\/\/fermedelahalte.blogspot.fr\/\" target=\"_blank\" rel=\"noopener\"><img data-recalc-dims=\"1\" loading=\"lazy\" decoding=\"async\" data-attachment-id=\"442\" data-permalink=\"https:\/\/oasis.escaut.fr\/?attachment_id=442#main\" data-orig-file=\"https:\/\/i0.wp.com\/oasis.escaut.fr\/wp-content\/uploads\/2017\/06\/coloriage-mouton-1-2975x4200-4821.jpg?fit=1000%2C1000&amp;ssl=1\" data-orig-size=\"1000,1000\" data-comments-opened=\"1\" data-image-meta=\"{&quot;aperture&quot;:&quot;0&quot;,&quot;credit&quot;:&quot;&quot;,&quot;camera&quot;:&quot;&quot;,&quot;caption&quot;:&quot;&quot;,&quot;created_timestamp&quot;:&quot;0&quot;,&quot;copyright&quot;:&quot;&quot;,&quot;focal_length&quot;:&quot;0&quot;,&quot;iso&quot;:&quot;0&quot;,&quot;shutter_speed&quot;:&quot;0&quot;,&quot;title&quot;:&quot;&quot;,&quot;orientation&quot;:&quot;0&quot;}\" data-image-title=\"mouton\" data-image-description=\"\" data-image-caption=\"\" data-medium-file=\"https:\/\/i0.wp.com\/oasis.escaut.fr\/wp-content\/uploads\/2017\/06\/coloriage-mouton-1-2975x4200-4821.jpg?fit=300%2C300&amp;ssl=1\" data-large-file=\"https:\/\/i0.wp.com\/oasis.escaut.fr\/wp-content\/uploads\/2017\/06\/coloriage-mouton-1-2975x4200-4821.jpg?fit=780%2C780&amp;ssl=1\" class=\"alignnone wp-image-442 size-thumbnail\" src=\"https:\/\/i0.wp.com\/oasis.escaut.fr\/wp-content\/uploads\/2017\/06\/coloriage-mouton-1-2975x4200-4821.jpg?resize=150%2C150\" alt=\"\" width=\"150\" height=\"150\" srcset=\"https:\/\/i0.wp.com\/oasis.escaut.fr\/wp-content\/uploads\/2017\/06\/coloriage-mouton-1-2975x4200-4821.jpg?resize=150%2C150&amp;ssl=1 150w, https:\/\/i0.wp.com\/oasis.escaut.fr\/wp-content\/uploads\/2017\/06\/coloriage-mouton-1-2975x4200-4821.jpg?resize=300%2C300&amp;ssl=1 300w, https:\/\/i0.wp.com\/oasis.escaut.fr\/wp-content\/uploads\/2017\/06\/coloriage-mouton-1-2975x4200-4821.jpg?resize=768%2C768&amp;ssl=1 768w, https:\/\/i0.wp.com\/oasis.escaut.fr\/wp-content\/uploads\/2017\/06\/coloriage-mouton-1-2975x4200-4821.jpg?resize=200%2C200&amp;ssl=1 200w, https:\/\/i0.wp.com\/oasis.escaut.fr\/wp-content\/uploads\/2017\/06\/coloriage-mouton-1-2975x4200-4821.jpg?w=1000&amp;ssl=1 1000w\" sizes=\"auto, (max-width: 150px) 100vw, 150px\" \/><\/a><br \/>\n<a href=\"http:\/\/fermedelahalte.blogspot.com\/\" target=\"_blank\" rel=\"noopener\">La ferme de la Halte <\/a>:<br \/>\nQui nous fournit de la paille et des aliments pour les animaux.<\/p>\n<p>&nbsp;<\/p>\n<p><a href=\"https:\/\/www.facebook.com\/LElevage-du-regard-274741466204774\/\" target=\"_blank\" rel=\"noopener\"><img data-recalc-dims=\"1\" loading=\"lazy\" decoding=\"async\" data-attachment-id=\"445\" data-permalink=\"https:\/\/oasis.escaut.fr\/?attachment_id=445#main\" data-orig-file=\"https:\/\/i0.wp.com\/oasis.escaut.fr\/wp-content\/uploads\/2017\/06\/dessin-cochon-53.jpg?fit=800%2C800&amp;ssl=1\" data-orig-size=\"800,800\" data-comments-opened=\"1\" data-image-meta=\"{&quot;aperture&quot;:&quot;0&quot;,&quot;credit&quot;:&quot;&quot;,&quot;camera&quot;:&quot;&quot;,&quot;caption&quot;:&quot;&quot;,&quot;created_timestamp&quot;:&quot;0&quot;,&quot;copyright&quot;:&quot;&quot;,&quot;focal_length&quot;:&quot;0&quot;,&quot;iso&quot;:&quot;0&quot;,&quot;shutter_speed&quot;:&quot;0&quot;,&quot;title&quot;:&quot;&quot;,&quot;orientation&quot;:&quot;0&quot;}\" data-image-title=\"cochon\" data-image-description=\"\" data-image-caption=\"\" data-medium-file=\"https:\/\/i0.wp.com\/oasis.escaut.fr\/wp-content\/uploads\/2017\/06\/dessin-cochon-53.jpg?fit=300%2C300&amp;ssl=1\" data-large-file=\"https:\/\/i0.wp.com\/oasis.escaut.fr\/wp-content\/uploads\/2017\/06\/dessin-cochon-53.jpg?fit=780%2C780&amp;ssl=1\" class=\"alignnone wp-image-445 size-thumbnail\" src=\"https:\/\/i0.wp.com\/oasis.escaut.fr\/wp-content\/uploads\/2017\/06\/dessin-cochon-53.jpg?resize=150%2C150\" alt=\"\" width=\"150\" height=\"150\" srcset=\"https:\/\/i0.wp.com\/oasis.escaut.fr\/wp-content\/uploads\/2017\/06\/dessin-cochon-53.jpg?resize=150%2C150&amp;ssl=1 150w, https:\/\/i0.wp.com\/oasis.escaut.fr\/wp-content\/uploads\/2017\/06\/dessin-cochon-53.jpg?resize=300%2C300&amp;ssl=1 300w, https:\/\/i0.wp.com\/oasis.escaut.fr\/wp-content\/uploads\/2017\/06\/dessin-cochon-53.jpg?resize=768%2C768&amp;ssl=1 768w, https:\/\/i0.wp.com\/oasis.escaut.fr\/wp-content\/uploads\/2017\/06\/dessin-cochon-53.jpg?resize=200%2C200&amp;ssl=1 200w, https:\/\/i0.wp.com\/oasis.escaut.fr\/wp-content\/uploads\/2017\/06\/dessin-cochon-53.jpg?w=800&amp;ssl=1 800w\" sizes=\"auto, (max-width: 150px) 100vw, 150px\" \/><\/a><br \/>\n<a href=\"https:\/\/www.facebook.com\/LElevage-du-regard-274741466204774\/\" target=\"_blank\" rel=\"noopener\">L&rsquo;\u00c9levage du Regard <\/a>:<br \/>\nQui nous fournit des aliments pour les animaux.<\/p>\n<p>&nbsp;<\/p>\n<p><a href=\"https:\/\/www.facebook.com\/FrancoisPottierEDLV\/\" target=\"_blank\" rel=\"noopener\"><img data-recalc-dims=\"1\" loading=\"lazy\" decoding=\"async\" data-attachment-id=\"448\" data-permalink=\"https:\/\/oasis.escaut.fr\/?attachment_id=448#main\" data-orig-file=\"https:\/\/i0.wp.com\/oasis.escaut.fr\/wp-content\/uploads\/2017\/06\/16114052_918507021619045_4111855260292367213_n.jpg?fit=857%2C857&amp;ssl=1\" data-orig-size=\"857,857\" data-comments-opened=\"1\" data-image-meta=\"{&quot;aperture&quot;:&quot;0&quot;,&quot;credit&quot;:&quot;&quot;,&quot;camera&quot;:&quot;&quot;,&quot;caption&quot;:&quot;&quot;,&quot;created_timestamp&quot;:&quot;0&quot;,&quot;copyright&quot;:&quot;&quot;,&quot;focal_length&quot;:&quot;0&quot;,&quot;iso&quot;:&quot;0&quot;,&quot;shutter_speed&quot;:&quot;0&quot;,&quot;title&quot;:&quot;&quot;,&quot;orientation&quot;:&quot;0&quot;}\" data-image-title=\"\u00e9levage-de-la-vall\u00e9e\" data-image-description=\"\" data-image-caption=\"\" data-medium-file=\"https:\/\/i0.wp.com\/oasis.escaut.fr\/wp-content\/uploads\/2017\/06\/16114052_918507021619045_4111855260292367213_n.jpg?fit=300%2C300&amp;ssl=1\" data-large-file=\"https:\/\/i0.wp.com\/oasis.escaut.fr\/wp-content\/uploads\/2017\/06\/16114052_918507021619045_4111855260292367213_n.jpg?fit=780%2C780&amp;ssl=1\" class=\"alignnone wp-image-448 size-thumbnail\" src=\"https:\/\/i0.wp.com\/oasis.escaut.fr\/wp-content\/uploads\/2017\/06\/16114052_918507021619045_4111855260292367213_n.jpg?resize=150%2C150\" alt=\"\" width=\"150\" height=\"150\" srcset=\"https:\/\/i0.wp.com\/oasis.escaut.fr\/wp-content\/uploads\/2017\/06\/16114052_918507021619045_4111855260292367213_n.jpg?resize=150%2C150&amp;ssl=1 150w, https:\/\/i0.wp.com\/oasis.escaut.fr\/wp-content\/uploads\/2017\/06\/16114052_918507021619045_4111855260292367213_n.jpg?resize=300%2C300&amp;ssl=1 300w, https:\/\/i0.wp.com\/oasis.escaut.fr\/wp-content\/uploads\/2017\/06\/16114052_918507021619045_4111855260292367213_n.jpg?resize=768%2C768&amp;ssl=1 768w, https:\/\/i0.wp.com\/oasis.escaut.fr\/wp-content\/uploads\/2017\/06\/16114052_918507021619045_4111855260292367213_n.jpg?resize=200%2C200&amp;ssl=1 200w, https:\/\/i0.wp.com\/oasis.escaut.fr\/wp-content\/uploads\/2017\/06\/16114052_918507021619045_4111855260292367213_n.jpg?w=857&amp;ssl=1 857w\" sizes=\"auto, (max-width: 150px) 100vw, 150px\" \/><\/a><br \/>\n<a href=\"https:\/\/www.facebook.com\/FrancoisPottierEDLV\/\" target=\"_blank\" rel=\"noopener\">L&rsquo;\u00c9levage de la Vall\u00e9e<\/a> :<br \/>\nQui nous fournit des aliments pour les animaux.<\/p>\n<p>&nbsp;<\/p>\n<p><a href=\"https:\/\/www.facebook.com\/CambraiIncroyablesComestibles\/http:\/\/\" target=\"_blank\" rel=\"noopener\"><img data-recalc-dims=\"1\" loading=\"lazy\" decoding=\"async\" data-attachment-id=\"454\" data-permalink=\"https:\/\/oasis.escaut.fr\/?attachment_id=454#main\" data-orig-file=\"https:\/\/i0.wp.com\/oasis.escaut.fr\/wp-content\/uploads\/2017\/06\/IC_Logo_400x400.jpg?fit=420%2C420&amp;ssl=1\" data-orig-size=\"420,420\" data-comments-opened=\"1\" data-image-meta=\"{&quot;aperture&quot;:&quot;0&quot;,&quot;credit&quot;:&quot;&quot;,&quot;camera&quot;:&quot;&quot;,&quot;caption&quot;:&quot;&quot;,&quot;created_timestamp&quot;:&quot;0&quot;,&quot;copyright&quot;:&quot;&quot;,&quot;focal_length&quot;:&quot;0&quot;,&quot;iso&quot;:&quot;0&quot;,&quot;shutter_speed&quot;:&quot;0&quot;,&quot;title&quot;:&quot;&quot;,&quot;orientation&quot;:&quot;0&quot;}\" data-image-title=\"IC_Logo\" data-image-description=\"\" data-image-caption=\"\" data-medium-file=\"https:\/\/i0.wp.com\/oasis.escaut.fr\/wp-content\/uploads\/2017\/06\/IC_Logo_400x400.jpg?fit=300%2C300&amp;ssl=1\" data-large-file=\"https:\/\/i0.wp.com\/oasis.escaut.fr\/wp-content\/uploads\/2017\/06\/IC_Logo_400x400.jpg?fit=420%2C420&amp;ssl=1\" class=\"alignnone wp-image-454 size-thumbnail\" src=\"https:\/\/i0.wp.com\/oasis.escaut.fr\/wp-content\/uploads\/2017\/06\/IC_Logo_400x400.jpg?resize=150%2C150\" alt=\"\" width=\"150\" height=\"150\" srcset=\"https:\/\/i0.wp.com\/oasis.escaut.fr\/wp-content\/uploads\/2017\/06\/IC_Logo_400x400.jpg?resize=150%2C150&amp;ssl=1 150w, https:\/\/i0.wp.com\/oasis.escaut.fr\/wp-content\/uploads\/2017\/06\/IC_Logo_400x400.jpg?resize=300%2C300&amp;ssl=1 300w, https:\/\/i0.wp.com\/oasis.escaut.fr\/wp-content\/uploads\/2017\/06\/IC_Logo_400x400.jpg?resize=200%2C200&amp;ssl=1 200w, https:\/\/i0.wp.com\/oasis.escaut.fr\/wp-content\/uploads\/2017\/06\/IC_Logo_400x400.jpg?w=420&amp;ssl=1 420w\" sizes=\"auto, (max-width: 150px) 100vw, 150px\" \/><\/a><br \/>\n<a href=\"https:\/\/www.facebook.com\/CambraiIncroyablesComestibles\/\" target=\"_blank\" rel=\"noopener\">Les Incroyables Comestibles de Cambrai <\/a>:<br \/>\nQui relaie nos informations.<\/p>\n<p>&nbsp;<\/p>\n<p><a href=\"https:\/\/www.facebook.com\/Colibris-62-Arras-1662185797394045\/\" target=\"_blank\" rel=\"noopener\"><img data-recalc-dims=\"1\" loading=\"lazy\" decoding=\"async\" data-attachment-id=\"450\" data-permalink=\"https:\/\/oasis.escaut.fr\/?attachment_id=450#main\" data-orig-file=\"https:\/\/i0.wp.com\/oasis.escaut.fr\/wp-content\/uploads\/2017\/06\/LeMouvementColibris_Colibris_logotype_20161122215930_20161122220123.png?fit=900%2C900&amp;ssl=1\" data-orig-size=\"900,900\" data-comments-opened=\"1\" data-image-meta=\"{&quot;aperture&quot;:&quot;0&quot;,&quot;credit&quot;:&quot;&quot;,&quot;camera&quot;:&quot;&quot;,&quot;caption&quot;:&quot;&quot;,&quot;created_timestamp&quot;:&quot;0&quot;,&quot;copyright&quot;:&quot;&quot;,&quot;focal_length&quot;:&quot;0&quot;,&quot;iso&quot;:&quot;0&quot;,&quot;shutter_speed&quot;:&quot;0&quot;,&quot;title&quot;:&quot;&quot;,&quot;orientation&quot;:&quot;0&quot;}\" data-image-title=\"Colibris\" data-image-description=\"\" data-image-caption=\"\" data-medium-file=\"https:\/\/i0.wp.com\/oasis.escaut.fr\/wp-content\/uploads\/2017\/06\/LeMouvementColibris_Colibris_logotype_20161122215930_20161122220123.png?fit=300%2C300&amp;ssl=1\" data-large-file=\"https:\/\/i0.wp.com\/oasis.escaut.fr\/wp-content\/uploads\/2017\/06\/LeMouvementColibris_Colibris_logotype_20161122215930_20161122220123.png?fit=780%2C780&amp;ssl=1\" class=\"alignnone wp-image-450 size-thumbnail\" src=\"https:\/\/i0.wp.com\/oasis.escaut.fr\/wp-content\/uploads\/2017\/06\/LeMouvementColibris_Colibris_logotype_20161122215930_20161122220123.png?resize=150%2C150\" alt=\"\" width=\"150\" height=\"150\" srcset=\"https:\/\/i0.wp.com\/oasis.escaut.fr\/wp-content\/uploads\/2017\/06\/LeMouvementColibris_Colibris_logotype_20161122215930_20161122220123.png?resize=150%2C150&amp;ssl=1 150w, https:\/\/i0.wp.com\/oasis.escaut.fr\/wp-content\/uploads\/2017\/06\/LeMouvementColibris_Colibris_logotype_20161122215930_20161122220123.png?resize=300%2C300&amp;ssl=1 300w, https:\/\/i0.wp.com\/oasis.escaut.fr\/wp-content\/uploads\/2017\/06\/LeMouvementColibris_Colibris_logotype_20161122215930_20161122220123.png?resize=768%2C768&amp;ssl=1 768w, https:\/\/i0.wp.com\/oasis.escaut.fr\/wp-content\/uploads\/2017\/06\/LeMouvementColibris_Colibris_logotype_20161122215930_20161122220123.png?resize=200%2C200&amp;ssl=1 200w, https:\/\/i0.wp.com\/oasis.escaut.fr\/wp-content\/uploads\/2017\/06\/LeMouvementColibris_Colibris_logotype_20161122215930_20161122220123.png?w=900&amp;ssl=1 900w\" sizes=\"auto, (max-width: 150px) 100vw, 150px\" \/><\/a><br \/>\n<a href=\"https:\/\/www.facebook.com\/Colibris-62-Arras-1662185797394045\/\" target=\"_blank\" rel=\"noopener\">Les Colibris d&rsquo;Arras <\/a>:<br \/>\nQui relaie nos informations.<\/p>\n<p>&nbsp;<\/p>\n<p><a href=\"http:\/\/www.villers-guislain.fr\/\"><img data-recalc-dims=\"1\" loading=\"lazy\" decoding=\"async\" data-attachment-id=\"494\" data-permalink=\"https:\/\/oasis.escaut.fr\/?attachment_id=494#main\" data-orig-file=\"https:\/\/i0.wp.com\/oasis.escaut.fr\/wp-content\/uploads\/2018\/02\/armvillersg.png?fit=130%2C130&amp;ssl=1\" data-orig-size=\"130,130\" data-comments-opened=\"1\" data-image-meta=\"{&quot;aperture&quot;:&quot;0&quot;,&quot;credit&quot;:&quot;&quot;,&quot;camera&quot;:&quot;&quot;,&quot;caption&quot;:&quot;&quot;,&quot;created_timestamp&quot;:&quot;0&quot;,&quot;copyright&quot;:&quot;&quot;,&quot;focal_length&quot;:&quot;0&quot;,&quot;iso&quot;:&quot;0&quot;,&quot;shutter_speed&quot;:&quot;0&quot;,&quot;title&quot;:&quot;&quot;,&quot;orientation&quot;:&quot;0&quot;}\" data-image-title=\"Armoiries Villers-Guislain\" data-image-description=\"\" data-image-caption=\"\" data-medium-file=\"https:\/\/i0.wp.com\/oasis.escaut.fr\/wp-content\/uploads\/2018\/02\/armvillersg.png?fit=130%2C130&amp;ssl=1\" data-large-file=\"https:\/\/i0.wp.com\/oasis.escaut.fr\/wp-content\/uploads\/2018\/02\/armvillersg.png?fit=130%2C130&amp;ssl=1\" class=\"size-full wp-image-494 alignnone\" src=\"https:\/\/i0.wp.com\/oasis.escaut.fr\/wp-content\/uploads\/2018\/02\/armvillersg.png?resize=150%2C150\" alt=\"\" width=\"150\" height=\"150\" \/><\/a><br \/>\n<a href=\"http:\/\/www.villers-guislain.fr\/\" target=\"_blank\" rel=\"noopener\">La municipalit\u00e9 de Villers-Guislain <\/a>:<br \/>\nQui nous met \u00e0 disposition un parc \u00e0 p\u00e2turer pour nos animaux.<\/p>\n<p>&nbsp;<\/p>\n<p><a href=\"https:\/\/www.festi-planete.fr\/\"><img data-recalc-dims=\"1\" width=\"780\" decoding=\"async\" class=\"alignnone size-thumbnail\" src=\"https:\/\/i0.wp.com\/www.festi-planete.fr\/img\/logo.jpg?fit=780%2C150&#038;ssl=1\" alt=\"\" height=\"150\" \/><\/a><br \/>\n<a href=\"https:\/\/www.festi-planete.fr\/\" target=\"_blank\" rel=\"noopener\">Le Festival de l\u2019\u00c9cologie et du D\u00e9veloppement Durable <\/a>:<br \/>\nQui nous permet d\u2019intervenir sur le Douaisis.<\/p>\n<p>&nbsp;<\/p>\n<p><a href=\"https:\/\/la-semeuse.jimdo.com\/\"><img data-recalc-dims=\"1\" width=\"780\" decoding=\"async\" class=\"alignnone size-thumbnail\" src=\"https:\/\/i0.wp.com\/image.jimcdn.com\/app\/cms\/image\/transf\/dimension%3D950x10000%3Aformat%3Dpng\/path\/s308d442fd0374bf4\/image\/if4918008f1914fe5\/version\/1538200632\/image.png?fit=780%2C150&#038;ssl=1\" alt=\"\" height=\"150\" \/><\/a><br \/>\n<a href=\"https:\/\/la-semeuse.jimdo.com\/\" target=\"_blank\" rel=\"noopener\">La semeuse en Nord <\/a>:<br \/>\nQui relaie nos informations.<\/p>\n<p>&nbsp;<\/p>\n<p><a href=\"http:\/\/www.civam-hautsdefrance.fr\/\"><img data-recalc-dims=\"1\" width=\"780\" decoding=\"async\" class=\"alignnone size-thumbnail\" src=\"https:\/\/i0.wp.com\/www.civam-hautsdefrance.fr\/wp-content\/uploads\/2018\/02\/logo-civam-hauts-de-france-2.png?fit=780%2C150\" alt=\"\" height=\"150\" \/><\/a><br \/>\n<a href=\"http:\/\/www.civam-hautsdefrance.fr\/\" target=\"_blank\" rel=\"noopener\">Le Centre d\u2019Initiatives pour Valoriser l\u2019Agriculture et le Milieu Rural <\/a>:<br \/>\nQui nous accompagne dans nos projets.<\/p>\n<p>&nbsp;<\/p>\n<p><a href=\"http:\/\/www.avenir5962.org\/\"><img data-recalc-dims=\"1\" width=\"780\" decoding=\"async\" class=\"alignnone size-thumbnail\" src=\"https:\/\/i0.wp.com\/www.avenir5962.org\/public\/blowup-images\/uploaded.png?fit=780%2C150\" alt=\"\" height=\"150\" \/><\/a><br \/>\n<a href=\"http:\/\/www.avenir5962.org\/\" target=\"_blank\" rel=\"noopener\">L\u2019Association pour la Valorisation \u00c9conomique des Nouvelles Initiatives Rurales <\/a>:<br \/>\nQui nous accompagne dans nos projets.<\/p>\n<p>&nbsp;<\/p>\n<p><a href=\"http:\/\/www.accueil-paysan.com\/fr\/que-faisons-nous\/en-regions\/hauts-de-france\/\"><img data-recalc-dims=\"1\" width=\"780\" decoding=\"async\" class=\"alignnone size-thumbnail\" src=\"https:\/\/i0.wp.com\/static.accueil-paysan.com\/img\/logo-accueil-paysan.png?fit=780%2C150\" alt=\"\" height=\"150\" \/><\/a><br \/>\n<a href=\"http:\/\/www.accueil-paysan.com\/fr\/que-faisons-nous\/en-regions\/hauts-de-france\/\" target=\"_blank\" rel=\"noopener\">Accueil Paysan <\/a>:<br \/>\nQui nous accompagne dans nos projets.<\/p>\n","protected":false},"excerpt":{"rendered":"<p>La Ferme des Loups : Qui est partenaire de nos actions. &nbsp; La ferme de la Halte : Qui nous fournit de la paille et des aliments pour les animaux. &nbsp; L&rsquo;\u00c9levage du Regard : Qui nous fournit des aliments pour les animaux. &nbsp; L&rsquo;\u00c9levage de la Vall\u00e9e : Qui nous fournit des aliments pour <a class=\"more-link\" href=\"https:\/\/oasis.escaut.fr\/?page_id=170\">afficher la suite&#8230;<\/a><\/p>\n","protected":false},"author":1,"featured_media":0,"parent":0,"menu_order":0,"comment_status":"closed","ping_status":"closed","template":"","meta":{"jetpack_post_was_ever_published":false,"footnotes":""},"class_list":["post-170","page","type-page","status-publish","hentry"],"jetpack_sharing_enabled":true,"jetpack_shortlink":"https:\/\/wp.me\/P9CjDu-2K","jetpack_likes_enabled":true,"jetpack-related-posts":[],"_links":{"self":[{"href":"https:\/\/oasis.escaut.fr\/index.php?rest_route=\/wp\/v2\/pages\/170","targetHints":{"allow":["GET"]}}],"collection":[{"href":"https:\/\/oasis.escaut.fr\/index.php?rest_route=\/wp\/v2\/pages"}],"about":[{"href":"https:\/\/oasis.escaut.fr\/index.php?rest_route=\/wp\/v2\/types\/page"}],"author":[{"embeddable":true,"href":"https:\/\/oasis.escaut.fr\/index.php?rest_route=\/wp\/v2\/users\/1"}],"replies":[{"embeddable":true,"href":"https:\/\/oasis.escaut.fr\/index.php?rest_route=%2Fwp%2Fv2%2Fcomments&post=170"}],"version-history":[{"count":24,"href":"https:\/\/oasis.escaut.fr\/index.php?rest_route=\/wp\/v2\/pages\/170\/revisions"}],"predecessor-version":[{"id":564,"href":"https:\/\/oasis.escaut.fr\/index.php?rest_route=\/wp\/v2\/pages\/170\/revisions\/564"}],"wp:attachment":[{"href":"https:\/\/oasis.escaut.fr\/index.php?rest_route=%2Fwp%2Fv2%2Fmedia&parent=170"}],"curies":[{"name":"wp","href":"https:\/\/api.w.org\/{rel}","templated":true}]}}