{"id":20,"date":"2017-03-30T11:02:23","date_gmt":"2017-03-30T09:02:23","guid":{"rendered":"http:\/\/escaut.fr\/?page_id=20"},"modified":"2019-09-06T19:13:33","modified_gmt":"2019-09-06T17:13:33","slug":"team","status":"publish","type":"page","link":"https:\/\/oasis.escaut.fr\/?page_id=20","title":{"rendered":"\u00c9quipe"},"content":{"rendered":"<div style=\"width: 1360px\" class=\"wp-caption aligncenter\"><img data-recalc-dims=\"1\" loading=\"lazy\" decoding=\"async\" class=\"size-medium\" src=\"https:\/\/i0.wp.com\/oasis.escaut.fr\/wp-content\/uploads\/2019\/09\/B9712370417Z.1_20170620150246_000GGE99PVN5.2-0.jpg?resize=780%2C439\" width=\"780\" height=\"439\"><p class=\"wp-caption-text\">Djamilah &amp; Maxence<\/p><\/div>\n<p><strong>Djamilah Akhzarati<\/strong><\/p>\n<p>Djamilah a \u00e9tudi\u00e9 les <a href=\"http:\/\/www.leuphana.de\/college\/bachelor\/umweltwissenschaften.html\">Sciences de l&rsquo;environnement<\/a>, la psychologie et les <a href=\"https:\/\/www.leuphana.de\/graduate-school\/master\/studienangebot\/nachhaltigkeitswissenschaft.html\">Sciences du d\u00e9veloppement durable<\/a>.<\/p>\n<p>Elle travaille depuis plusieurs ann\u00e9es en \u00e9ducation au d\u00e9veloppement durable, en \u00e9ducation populaire et en \u00e9ducation transculturelle et f\u00e9ministe avec des diverses publics. Ses centres d&rsquo;int\u00e9r\u00eats sont : la p\u00e9dagogie, le f\u00e9minisme et la responsabilisation par la nature, l&rsquo;alimentation vivante et les animaux.<\/p>\n<p>Son engagement au sein du projet:<\/p>\n<ul>\n<li>Le concept p\u00e9dagogique<\/li>\n<li>La formation et l&rsquo;\u00e9ducation \u00e0 l&rsquo;environnement et au d\u00e9veloppement durable, l&rsquo;\u00e9ducation f\u00e9ministe<\/li>\n<li>Les partenariats avec les \u00e9coles<\/li>\n<\/ul>\n<p>&nbsp;<\/p>\n<p><strong>Maxence Bourel<\/strong><\/p>\n<p>Maxence a&nbsp;\u00e9tudi\u00e9 la <a href=\"http:\/\/www.eau-loire-bretagne.fr\/collectivites\/guides_et_etudes\/eaux_pluviales\/DepliantEauxPluviales_2016.pdf\">gestion durable de l&rsquo;eau<\/a> et les diff\u00e9rents domaines du <a href=\"https:\/\/fr.wikipedia.org\/wiki\/D\u00e9veloppement_durable\">d\u00e9veloppement durable<\/a>.<\/p>\n<p>Il travaille depuis plusieurs ann\u00e9es \u00e0 la sensibilisation aux interactions b\u00e9n\u00e9fiques avec notre environnement. Et enseigne la coop\u00e9ration bienveillante, notamment gr\u00e2ce \u00e0 une approche p\u00e9dagogique. Ses centres d&rsquo;int\u00e9r\u00eats sont : les voyages, les rencontres, la p\u00e9dagogie, le respect de l\u2019environnement, la grande randonn\u00e9e, l\u2019informatique, l\u2019information des citoyens.<\/p>\n<p><em>Son engagement au sein du projet:<\/em><\/p>\n<ul>\n<li>Exp\u00e9rimentation en&nbsp;permaculture et en \u00e9coconstruction.<\/li>\n<li>Accueil de volontaires.<\/li>\n<li>Apport de comp\u00e9tences informatiques.<\/li>\n<\/ul>\n","protected":false},"excerpt":{"rendered":"<p>Djamilah Akhzarati Djamilah a \u00e9tudi\u00e9 les Sciences de l&rsquo;environnement, la psychologie et les Sciences du d\u00e9veloppement durable. Elle travaille depuis plusieurs ann\u00e9es en \u00e9ducation au d\u00e9veloppement durable, en \u00e9ducation populaire et en \u00e9ducation transculturelle et f\u00e9ministe avec des diverses publics. Ses centres d&rsquo;int\u00e9r\u00eats sont : la p\u00e9dagogie, le f\u00e9minisme et la responsabilisation par la nature, <a class=\"more-link\" href=\"https:\/\/oasis.escaut.fr\/?page_id=20\">afficher la suite&#8230;<\/a><\/p>\n","protected":false},"author":2,"featured_media":0,"parent":0,"menu_order":0,"comment_status":"closed","ping_status":"closed","template":"","meta":{"jetpack_post_was_ever_published":false,"footnotes":""},"class_list":["post-20","page","type-page","status-publish","hentry"],"jetpack_sharing_enabled":true,"jetpack_shortlink":"https:\/\/wp.me\/P9CjDu-k","jetpack_likes_enabled":true,"jetpack-related-posts":[],"_links":{"self":[{"href":"https:\/\/oasis.escaut.fr\/index.php?rest_route=\/wp\/v2\/pages\/20","targetHints":{"allow":["GET"]}}],"collection":[{"href":"https:\/\/oasis.escaut.fr\/index.php?rest_route=\/wp\/v2\/pages"}],"about":[{"href":"https:\/\/oasis.escaut.fr\/index.php?rest_route=\/wp\/v2\/types\/page"}],"author":[{"embeddable":true,"href":"https:\/\/oasis.escaut.fr\/index.php?rest_route=\/wp\/v2\/users\/2"}],"replies":[{"embeddable":true,"href":"https:\/\/oasis.escaut.fr\/index.php?rest_route=%2Fwp%2Fv2%2Fcomments&post=20"}],"version-history":[{"count":18,"href":"https:\/\/oasis.escaut.fr\/index.php?rest_route=\/wp\/v2\/pages\/20\/revisions"}],"predecessor-version":[{"id":588,"href":"https:\/\/oasis.escaut.fr\/index.php?rest_route=\/wp\/v2\/pages\/20\/revisions\/588"}],"wp:attachment":[{"href":"https:\/\/oasis.escaut.fr\/index.php?rest_route=%2Fwp%2Fv2%2Fmedia&parent=20"}],"curies":[{"name":"wp","href":"https:\/\/api.w.org\/{rel}","templated":true}]}}