{"id":298,"date":"2017-06-28T10:58:00","date_gmt":"2017-06-28T08:58:00","guid":{"rendered":"http:\/\/oasis.escaut.fr\/?page_id=298"},"modified":"2017-07-02T10:06:58","modified_gmt":"2017-07-02T08:06:58","slug":"thematiques","status":"publish","type":"page","link":"https:\/\/oasis.escaut.fr\/?page_id=298","title":{"rendered":"Th\u00e9matiques"},"content":{"rendered":"<p>Nous vous proposons des ateliers et des conf\u00e9rences sur les sujets suivants:<\/p>\n<p><strong>permaculture\u2026<\/strong><\/p>\n<ul>\n<li>sur butte<\/li>\n<li>en lasagne | sandwich<\/li>\n<li>en pleine terre &amp; agroforesterie<\/li>\n<li>pour les enfants<\/li>\n<li>ruche horizontale<\/li>\n<li>taille des arbres et fruitiers et bois ram\u00e9al fragment\u00e9 (BRF)<\/li>\n<li>toilette \u00e0 liti\u00e8re &amp; compostage<\/li>\n<li>\u00e9coconstruction<\/li>\n<\/ul>\n<p><strong>p\u00e9dagogie<\/strong><\/p>\n<ul>\n<li>\u00e9ducation \u00e0 l&rsquo;environnement et au d\u00e9veloppement durable<\/li>\n<li>outils p\u00e9dagogiques ludiques<\/li>\n<li>\u00e9ducation f\u00e9ministe<\/li>\n<li>\u00e9ducation transculturelle<\/li>\n<li>th\u00e9\u00e2tre de l&rsquo;opprim\u00e9<\/li>\n<\/ul>\n<p><strong>alimentation &amp; sant\u00e9<\/strong><\/p>\n<ul>\n<li>alimentation vivante | crusine<\/li>\n<li>cuisine v\u00e9g\u00e9tarienne, v\u00e9gane<\/li>\n<li>alimentation pour les enfants<\/li>\n<li>boissons ferment\u00e9es \u00e0 la maison (kombucha, vinaigre, cidre\u2026)<\/li>\n<li>plantes sauvages comestibles<\/li>\n<li>cosm\u00e9tique naturelle | fait soi-m\u00eame<\/li>\n<\/ul>\n<p><strong>humain<\/strong><\/p>\n<ul>\n<li>citoyen du monde<\/li>\n<li>activit\u00e9s sp\u00e9cifiques aux femmes (responsabilisation, autod\u00e9fense verbale)<\/li>\n<li>les langues et la transculturalit\u00e9, trainings\/ \u00e9changes interculturels<\/li>\n<li>communication bienveillante<\/li>\n<\/ul>\n<p><strong>d\u00e9couverte de soi<\/strong><\/p>\n<ul>\n<li>myst\u00e9rieuses capacit\u00e9s du corps humain (autogu\u00e9rison &amp; g\u00e9obiologie)<\/li>\n<li>sexualit\u00e9 consciente<\/li>\n<\/ul>\n<p><strong>environnement<\/strong><\/p>\n<ul>\n<li>gestion durable de l\u2019eau &amp; sources de l\u2019Escaut<\/li>\n<li>recyclage intelligent<\/li>\n<li>entretien des cycles | v\u00e9lo<\/li>\n<\/ul>\n<p><strong>animaux<\/strong><\/p>\n<ul>\n<li>\u00e9thologie<\/li>\n<li>ballades avec les animaux<\/li>\n<\/ul>\n<p><strong>coop\u00e9ration<\/strong><\/p>\n<ul>\n<li>mise en avant du troc (magasin gratuit, \u00e9change sans argent)<\/li>\n<li>valorisation des produits locaux<\/li>\n<\/ul>\n<p><strong>communication et informatique<\/strong><\/p>\n<ul>\n<li>les r\u00e9seaux sociaux, l\u2019article, le blog, le site \u2192 au service de votre Projet<\/li>\n<li>gestion de projet<\/li>\n<li>les logiciels et les formats libres<\/li>\n<li>le clavier &amp; la souris ergonomique<\/li>\n<li>internet et les enfants<\/li>\n<\/ul>\n","protected":false},"excerpt":{"rendered":"<p>Nous vous proposons des ateliers et des conf\u00e9rences sur les sujets suivants: permaculture\u2026 sur butte en lasagne | sandwich en pleine terre &amp; agroforesterie pour les enfants ruche horizontale taille des arbres et fruitiers et bois ram\u00e9al fragment\u00e9 (BRF) toilette \u00e0 liti\u00e8re &amp; compostage \u00e9coconstruction p\u00e9dagogie \u00e9ducation \u00e0 l&rsquo;environnement et au d\u00e9veloppement durable outils p\u00e9dagogiques <a class=\"more-link\" href=\"https:\/\/oasis.escaut.fr\/?page_id=298\">afficher la suite&#8230;<\/a><\/p>\n","protected":false},"author":1,"featured_media":0,"parent":0,"menu_order":0,"comment_status":"closed","ping_status":"closed","template":"","meta":{"jetpack_post_was_ever_published":false,"footnotes":""},"class_list":["post-298","page","type-page","status-publish","hentry"],"jetpack_sharing_enabled":true,"jetpack_shortlink":"https:\/\/wp.me\/P9CjDu-4O","jetpack_likes_enabled":true,"jetpack-related-posts":[],"_links":{"self":[{"href":"https:\/\/oasis.escaut.fr\/index.php?rest_route=\/wp\/v2\/pages\/298","targetHints":{"allow":["GET"]}}],"collection":[{"href":"https:\/\/oasis.escaut.fr\/index.php?rest_route=\/wp\/v2\/pages"}],"about":[{"href":"https:\/\/oasis.escaut.fr\/index.php?rest_route=\/wp\/v2\/types\/page"}],"author":[{"embeddable":true,"href":"https:\/\/oasis.escaut.fr\/index.php?rest_route=\/wp\/v2\/users\/1"}],"replies":[{"embeddable":true,"href":"https:\/\/oasis.escaut.fr\/index.php?rest_route=%2Fwp%2Fv2%2Fcomments&post=298"}],"version-history":[{"count":7,"href":"https:\/\/oasis.escaut.fr\/index.php?rest_route=\/wp\/v2\/pages\/298\/revisions"}],"predecessor-version":[{"id":308,"href":"https:\/\/oasis.escaut.fr\/index.php?rest_route=\/wp\/v2\/pages\/298\/revisions\/308"}],"wp:attachment":[{"href":"https:\/\/oasis.escaut.fr\/index.php?rest_route=%2Fwp%2Fv2%2Fmedia&parent=298"}],"curies":[{"name":"wp","href":"https:\/\/api.w.org\/{rel}","templated":true}]}}