{"id":330,"date":"2017-08-22T16:43:37","date_gmt":"2017-08-22T14:43:37","guid":{"rendered":"http:\/\/oasis.escaut.fr\/?page_id=330"},"modified":"2017-08-22T17:50:40","modified_gmt":"2017-08-22T15:50:40","slug":"communication","status":"publish","type":"page","link":"https:\/\/oasis.escaut.fr\/?page_id=330","title":{"rendered":"Communication"},"content":{"rendered":"<p>Si vous souhaitez nous aidez, le plus simple et de parler de l&rsquo;Oasis autour de vous.<\/p>\n<p><img data-recalc-dims=\"1\" loading=\"lazy\" decoding=\"async\" data-attachment-id=\"326\" data-permalink=\"https:\/\/oasis.escaut.fr\/?attachment_id=326#main\" data-orig-file=\"https:\/\/i0.wp.com\/oasis.escaut.fr\/wp-content\/uploads\/2017\/08\/logo-escaut_feuille.png?fit=512%2C512&amp;ssl=1\" data-orig-size=\"512,512\" data-comments-opened=\"1\" data-image-meta=\"{&quot;aperture&quot;:&quot;0&quot;,&quot;credit&quot;:&quot;&quot;,&quot;camera&quot;:&quot;&quot;,&quot;caption&quot;:&quot;&quot;,&quot;created_timestamp&quot;:&quot;0&quot;,&quot;copyright&quot;:&quot;&quot;,&quot;focal_length&quot;:&quot;0&quot;,&quot;iso&quot;:&quot;0&quot;,&quot;shutter_speed&quot;:&quot;0&quot;,&quot;title&quot;:&quot;&quot;,&quot;orientation&quot;:&quot;0&quot;}\" data-image-title=\"logo-escaut_feuille\" data-image-description=\"\" data-image-caption=\"\" data-medium-file=\"https:\/\/i0.wp.com\/oasis.escaut.fr\/wp-content\/uploads\/2017\/08\/logo-escaut_feuille.png?fit=300%2C300&amp;ssl=1\" data-large-file=\"https:\/\/i0.wp.com\/oasis.escaut.fr\/wp-content\/uploads\/2017\/08\/logo-escaut_feuille.png?fit=512%2C512&amp;ssl=1\" class=\"size-medium wp-image-326 aligncenter\" src=\"https:\/\/i0.wp.com\/oasis.escaut.fr\/wp-content\/uploads\/2017\/08\/logo-escaut_feuille.png?resize=300%2C300\" alt=\"tilleul\" width=\"300\" height=\"300\" srcset=\"https:\/\/i0.wp.com\/oasis.escaut.fr\/wp-content\/uploads\/2017\/08\/logo-escaut_feuille.png?resize=300%2C300&amp;ssl=1 300w, https:\/\/i0.wp.com\/oasis.escaut.fr\/wp-content\/uploads\/2017\/08\/logo-escaut_feuille.png?resize=150%2C150&amp;ssl=1 150w, https:\/\/i0.wp.com\/oasis.escaut.fr\/wp-content\/uploads\/2017\/08\/logo-escaut_feuille.png?resize=200%2C200&amp;ssl=1 200w, https:\/\/i0.wp.com\/oasis.escaut.fr\/wp-content\/uploads\/2017\/08\/logo-escaut_feuille.png?w=512&amp;ssl=1 512w\" sizes=\"auto, (max-width: 300px) 100vw, 300px\" \/><\/p>\n<p>Si vous avez un peu de temps, vous pouvez aussi d\u00e9poser nos flyer, lors de manifestations, ou dans des lieux qui le permettent.<\/p>\n<p>Nous pouvons vous envoyer des flyer sur demande, ou vous pouvez les imprimer vous-m\u00eame. (imprimante laser &amp; papier \u00e9pais recommand\u00e9)<\/p>\n<p style=\"text-align: center;\"><a href=\"http:\/\/oasis.escaut.fr\/PDF\/OE_flyer.pdf\" target=\"_blank\" rel=\"noopener\">&gt;&gt; Planche de 3 flyer \u00e0 imprimer recto-verso sur papier A4 &lt;&lt;<\/a><\/p>\n<p>Vous pouvez \u00e9galement utiliser les articles de presses (<a href=\"http:\/\/oasis.escaut.fr\/?page_id=209\" target=\"_blank\" rel=\"noopener\">visible ici<\/a>), comme support de communication.<\/p>\n","protected":false},"excerpt":{"rendered":"<p>Si vous souhaitez nous aidez, le plus simple et de parler de l&rsquo;Oasis autour de vous. Si vous avez un peu de temps, vous pouvez aussi d\u00e9poser nos flyer, lors de manifestations, ou dans des lieux qui le permettent. Nous pouvons vous envoyer des flyer sur demande, ou vous pouvez les imprimer vous-m\u00eame. (imprimante laser <a class=\"more-link\" href=\"https:\/\/oasis.escaut.fr\/?page_id=330\">afficher la suite&#8230;<\/a><\/p>\n","protected":false},"author":1,"featured_media":326,"parent":209,"menu_order":0,"comment_status":"closed","ping_status":"closed","template":"","meta":{"jetpack_post_was_ever_published":false,"footnotes":""},"class_list":["post-330","page","type-page","status-publish","has-post-thumbnail","hentry"],"jetpack_sharing_enabled":true,"jetpack_shortlink":"https:\/\/wp.me\/P9CjDu-5k","jetpack_likes_enabled":true,"jetpack-related-posts":[],"_links":{"self":[{"href":"https:\/\/oasis.escaut.fr\/index.php?rest_route=\/wp\/v2\/pages\/330","targetHints":{"allow":["GET"]}}],"collection":[{"href":"https:\/\/oasis.escaut.fr\/index.php?rest_route=\/wp\/v2\/pages"}],"about":[{"href":"https:\/\/oasis.escaut.fr\/index.php?rest_route=\/wp\/v2\/types\/page"}],"author":[{"embeddable":true,"href":"https:\/\/oasis.escaut.fr\/index.php?rest_route=\/wp\/v2\/users\/1"}],"replies":[{"embeddable":true,"href":"https:\/\/oasis.escaut.fr\/index.php?rest_route=%2Fwp%2Fv2%2Fcomments&post=330"}],"version-history":[{"count":4,"href":"https:\/\/oasis.escaut.fr\/index.php?rest_route=\/wp\/v2\/pages\/330\/revisions"}],"predecessor-version":[{"id":335,"href":"https:\/\/oasis.escaut.fr\/index.php?rest_route=\/wp\/v2\/pages\/330\/revisions\/335"}],"up":[{"embeddable":true,"href":"https:\/\/oasis.escaut.fr\/index.php?rest_route=\/wp\/v2\/pages\/209"}],"wp:featuredmedia":[{"embeddable":true,"href":"https:\/\/oasis.escaut.fr\/index.php?rest_route=\/wp\/v2\/media\/326"}],"wp:attachment":[{"href":"https:\/\/oasis.escaut.fr\/index.php?rest_route=%2Fwp%2Fv2%2Fmedia&parent=330"}],"curies":[{"name":"wp","href":"https:\/\/api.w.org\/{rel}","templated":true}]}}