{"id":64,"date":"2017-04-04T18:58:15","date_gmt":"2017-04-04T16:58:15","guid":{"rendered":"http:\/\/oasis.escaut.fr\/?page_id=64"},"modified":"2019-09-06T19:07:02","modified_gmt":"2019-09-06T17:07:02","slug":"contact","status":"publish","type":"page","link":"https:\/\/oasis.escaut.fr\/?page_id=64","title":{"rendered":"Contact"},"content":{"rendered":"<p>Par courriel:<\/p>\n<p>\u2014 r\u00e9f\u00e9rente pour les partenariats:&nbsp;<a href=\"mailto:oasis@escaut.fr?subject=Demande de partenariat&amp;body=Bonjour Djamilah Akhzarati,\" target=\"_blank\" rel=\"noopener noreferrer\">Djamilah Akhzarati<\/a><\/p>\n<p>\u2014 r\u00e9f\u00e9rent pour les volontariats: <a href=\"mailto:oasis@escaut.fr?subject=Demande de volontariat&amp;body=Bonjour Maxence Bourel,\" target=\"_blank\" rel=\"noopener noreferrer\">Maxence Bourel<\/a><\/p>\n<p>Par t\u00e9l\u00e9phone:<\/p>\n<p>\u260e&nbsp;<em>+33-359-260-051<\/em><\/p>\n<p>Via les r\u00e9seaux sociaux:<\/p>\n<p><a href=\"http:\/\/m.me\/OasisEscaut\" target=\"_blank\" rel=\"noopener noreferrer\">Facebook<\/a><\/p>\n","protected":false},"excerpt":{"rendered":"<p>Par courriel: \u2014 r\u00e9f\u00e9rente pour les partenariats:&nbsp;Djamilah Akhzarati \u2014 r\u00e9f\u00e9rent pour les volontariats: Maxence Bourel Par t\u00e9l\u00e9phone: \u260e&nbsp;+33-359-260-051 Via les r\u00e9seaux sociaux: Facebook<\/p>\n","protected":false},"author":1,"featured_media":0,"parent":0,"menu_order":0,"comment_status":"closed","ping_status":"closed","template":"","meta":{"jetpack_post_was_ever_published":false,"footnotes":""},"class_list":["post-64","page","type-page","status-publish","hentry"],"jetpack_sharing_enabled":true,"jetpack_shortlink":"https:\/\/wp.me\/P9CjDu-12","jetpack_likes_enabled":true,"jetpack-related-posts":[],"_links":{"self":[{"href":"https:\/\/oasis.escaut.fr\/index.php?rest_route=\/wp\/v2\/pages\/64","targetHints":{"allow":["GET"]}}],"collection":[{"href":"https:\/\/oasis.escaut.fr\/index.php?rest_route=\/wp\/v2\/pages"}],"about":[{"href":"https:\/\/oasis.escaut.fr\/index.php?rest_route=\/wp\/v2\/types\/page"}],"author":[{"embeddable":true,"href":"https:\/\/oasis.escaut.fr\/index.php?rest_route=\/wp\/v2\/users\/1"}],"replies":[{"embeddable":true,"href":"https:\/\/oasis.escaut.fr\/index.php?rest_route=%2Fwp%2Fv2%2Fcomments&post=64"}],"version-history":[{"count":13,"href":"https:\/\/oasis.escaut.fr\/index.php?rest_route=\/wp\/v2\/pages\/64\/revisions"}],"predecessor-version":[{"id":582,"href":"https:\/\/oasis.escaut.fr\/index.php?rest_route=\/wp\/v2\/pages\/64\/revisions\/582"}],"wp:attachment":[{"href":"https:\/\/oasis.escaut.fr\/index.php?rest_route=%2Fwp%2Fv2%2Fmedia&parent=64"}],"curies":[{"name":"wp","href":"https:\/\/api.w.org\/{rel}","templated":true}]}}