{"id":74,"date":"2017-06-21T07:53:56","date_gmt":"2017-06-21T05:53:56","guid":{"rendered":"http:\/\/oasis.escaut.fr\/?page_id=74"},"modified":"2018-06-26T13:52:42","modified_gmt":"2018-06-26T11:52:42","slug":"financement","status":"publish","type":"page","link":"https:\/\/oasis.escaut.fr\/?page_id=74","title":{"rendered":"Financement"},"content":{"rendered":"<p>L\u2019Oasis de l\u2019Escaut est une structure associative dont le fonctionnement est financ\u00e9 par des dons.<\/p>\n<form action=\"https:\/\/www.paypal.com\/cgi-bin\/webscr\" method=\"post\" target=\"_top\"><input name=\"cmd\" type=\"hidden\" value=\"_s-xclick\" \/><br \/>\n<input name=\"hosted_button_id\" type=\"hidden\" value=\"LVEP8B849NMYY\" \/><br \/>\n<input alt=\"PayPal, le r\u00e9flexe s\u00e9curit\u00e9 pour payer en ligne\" name=\"submit\" class=\"aligncenter \"src=\"http:\/\/telebocal.org\/wp-content\/uploads\/2012\/04\/don__paypal.jpg\" type=\"image\" \/><br \/>\n<img loading=\"lazy\" decoding=\"async\" style=\"display: none !important;\" hidden=\"\" src=\"https:\/\/www.paypalobjects.com\/fr_FR\/i\/scr\/pixel.gif\" alt=\"\" width=\"1\" height=\"1\" border=\"0\" \/><\/form>\n<p>En \u00e9change d&rsquo;une participation libre, et en fonction de la saison nous pouvons vous donner :<\/p>\n<p>\u2014 une photo d\u00e9dicac\u00e9e et un mot de remerciement (toute l&rsquo;ann\u00e9e)<\/p>\n<p>\u2014 des fiches recettes v\u00e9gan &amp; vivant (toute l&rsquo;ann\u00e9e)<\/p>\n<p>\u2014 des plantes (du printemps \u00e0 l&rsquo;\u00e9t\u00e9) ou arbustes (au printemps &amp; \u00e0 l&rsquo;automne) du jardin<\/p>\n<p>\u2014 du kombucha, une boisson rafra\u00eechissante (du printemps \u00e0 l&rsquo;automne)<\/p>\n<p>\u2014 une glace v\u00e9gane,\u00a0pour les plus jeunes (en \u00e9t\u00e9)<\/p>\n<p>\u2014 des graines germ\u00e9es, \u00e0 incorporer dans vos salades (toute l&rsquo;ann\u00e9e)<\/p>\n<p>\u2014 des bouquets de menthe et ortie fra\u00eeches, pour vos assaisonnement (du printemps \u00e0 l&rsquo;\u00e9t\u00e9)<\/p>\n<p>\u2014 des surplus de l\u00e9gumes &amp; fruits du jardin (en \u00e9t\u00e9, si la r\u00e9colte est abondante)<\/p>\n<p>\u2014 des p\u00e2tisseries v\u00e9gan &amp; vivant (uniquement lors d\u2019\u00e9v\u00e9nements th\u00e9matique)<\/p>\n<p>Pour une somme importante, nous pourrons envisager une contrepartie personnalis\u00e9e. (Pour cela, contactez-nous \u00e0 l&rsquo;avance.)<\/p>\n<p>&nbsp;<\/p>\n<p>(Si vous souhaitez une contrepartie, pensez \u00e0 nous le pr\u00e9ciser au moment du don.)<\/p>\n<p>&nbsp;<\/p>\n","protected":false},"excerpt":{"rendered":"<p>L\u2019Oasis de l\u2019Escaut est une structure associative dont le fonctionnement est financ\u00e9 par des dons. En \u00e9change d&rsquo;une participation libre, et en fonction de la saison nous pouvons vous donner : \u2014 une photo d\u00e9dicac\u00e9e et un mot de remerciement (toute l&rsquo;ann\u00e9e) \u2014 des fiches recettes v\u00e9gan &amp; vivant (toute l&rsquo;ann\u00e9e) \u2014 des plantes (du <a class=\"more-link\" href=\"https:\/\/oasis.escaut.fr\/?page_id=74\">afficher la suite&#8230;<\/a><\/p>\n","protected":false},"author":1,"featured_media":0,"parent":0,"menu_order":0,"comment_status":"closed","ping_status":"closed","template":"","meta":{"jetpack_post_was_ever_published":false,"footnotes":""},"class_list":["post-74","page","type-page","status-publish","hentry"],"jetpack_sharing_enabled":true,"jetpack_shortlink":"https:\/\/wp.me\/P9CjDu-1c","jetpack_likes_enabled":true,"jetpack-related-posts":[],"_links":{"self":[{"href":"https:\/\/oasis.escaut.fr\/index.php?rest_route=\/wp\/v2\/pages\/74","targetHints":{"allow":["GET"]}}],"collection":[{"href":"https:\/\/oasis.escaut.fr\/index.php?rest_route=\/wp\/v2\/pages"}],"about":[{"href":"https:\/\/oasis.escaut.fr\/index.php?rest_route=\/wp\/v2\/types\/page"}],"author":[{"embeddable":true,"href":"https:\/\/oasis.escaut.fr\/index.php?rest_route=\/wp\/v2\/users\/1"}],"replies":[{"embeddable":true,"href":"https:\/\/oasis.escaut.fr\/index.php?rest_route=%2Fwp%2Fv2%2Fcomments&post=74"}],"version-history":[{"count":18,"href":"https:\/\/oasis.escaut.fr\/index.php?rest_route=\/wp\/v2\/pages\/74\/revisions"}],"predecessor-version":[{"id":554,"href":"https:\/\/oasis.escaut.fr\/index.php?rest_route=\/wp\/v2\/pages\/74\/revisions\/554"}],"wp:attachment":[{"href":"https:\/\/oasis.escaut.fr\/index.php?rest_route=%2Fwp%2Fv2%2Fmedia&parent=74"}],"curies":[{"name":"wp","href":"https:\/\/api.w.org\/{rel}","templated":true}]}}