{"id":83,"date":"2017-05-09T19:05:31","date_gmt":"2017-05-09T17:05:31","guid":{"rendered":"http:\/\/oasis.escaut.fr\/?page_id=83"},"modified":"2017-11-12T19:02:02","modified_gmt":"2017-11-12T18:02:02","slug":"soutien","status":"publish","type":"page","link":"https:\/\/oasis.escaut.fr\/?page_id=83","title":{"rendered":"Soutien"},"content":{"rendered":"<p>Si vous souhaitez nous soutenir, voici ce que vous pouvez faire:<\/p>\n<p>\u2014 O\u00f9 que vous soyez, vous pouvez nous faire un don. (voir la rubrique <a href=\"http:\/\/oasis.escaut.fr\/?page_id=74\">Financement<\/a>)<\/p>\n<p>\u2014 Vous pouvez parler de nous dans vos r\u00e9seau. (voir la rubrique <a href=\"http:\/\/oasis.escaut.fr\/?page_id=330\">Communication<\/a>)<\/p>\n<p>\u2014 Vous pouvez venir nous aidez. (voir la rubrique <a href=\"http:\/\/oasis.escaut.fr\/?page_id=64\">Volontariat<\/a>)<\/p>\n<p>\u2014 Si vous \u00eates dans les environs de l&rsquo;Oasis, vous pouvez nous apporter (ou mettre \u00e0 disposition) diff\u00e9rentes mati\u00e8res premi\u00e8res pour le lieu. (voir la rubrique <a href=\"http:\/\/oasis.escaut.fr\/?page_id=85\">R\u00e9cup\u00e9ration<\/a>)<\/p>\n<p>\u2014 Si vous avez des comp\u00e9tences ou contact que vous pouvez mettre au service de l&rsquo;association, vous pouvez devenir membre. (voir la rubrique <a href=\"http:\/\/oasis.escaut.fr\/?page_id=64\">Adh\u00e9sion<\/a>)<\/p>\n<p>&nbsp;<\/p>\n<p><img data-recalc-dims=\"1\" loading=\"lazy\" decoding=\"async\" data-attachment-id=\"468\" data-permalink=\"https:\/\/oasis.escaut.fr\/?attachment_id=468#main\" data-orig-file=\"https:\/\/i0.wp.com\/oasis.escaut.fr\/wp-content\/uploads\/2017\/05\/22338974_145694249296568_1164246871747191327_o.jpg?fit=1296%2C864&amp;ssl=1\" data-orig-size=\"1296,864\" data-comments-opened=\"1\" data-image-meta=\"{&quot;aperture&quot;:&quot;0&quot;,&quot;credit&quot;:&quot;&quot;,&quot;camera&quot;:&quot;&quot;,&quot;caption&quot;:&quot;&quot;,&quot;created_timestamp&quot;:&quot;0&quot;,&quot;copyright&quot;:&quot;&quot;,&quot;focal_length&quot;:&quot;0&quot;,&quot;iso&quot;:&quot;0&quot;,&quot;shutter_speed&quot;:&quot;0&quot;,&quot;title&quot;:&quot;&quot;,&quot;orientation&quot;:&quot;1&quot;}\" data-image-title=\"22338974_145694249296568_1164246871747191327_o\" data-image-description=\"\" data-image-caption=\"\" data-medium-file=\"https:\/\/i0.wp.com\/oasis.escaut.fr\/wp-content\/uploads\/2017\/05\/22338974_145694249296568_1164246871747191327_o.jpg?fit=300%2C200&amp;ssl=1\" data-large-file=\"https:\/\/i0.wp.com\/oasis.escaut.fr\/wp-content\/uploads\/2017\/05\/22338974_145694249296568_1164246871747191327_o.jpg?fit=780%2C520&amp;ssl=1\" class=\"aligncenter size-large wp-image-468\" src=\"https:\/\/i0.wp.com\/oasis.escaut.fr\/wp-content\/uploads\/2017\/05\/22338974_145694249296568_1164246871747191327_o.jpg?resize=780%2C520\" alt=\"\" width=\"780\" height=\"520\" srcset=\"https:\/\/i0.wp.com\/oasis.escaut.fr\/wp-content\/uploads\/2017\/05\/22338974_145694249296568_1164246871747191327_o.jpg?resize=1024%2C683&amp;ssl=1 1024w, https:\/\/i0.wp.com\/oasis.escaut.fr\/wp-content\/uploads\/2017\/05\/22338974_145694249296568_1164246871747191327_o.jpg?resize=300%2C200&amp;ssl=1 300w, https:\/\/i0.wp.com\/oasis.escaut.fr\/wp-content\/uploads\/2017\/05\/22338974_145694249296568_1164246871747191327_o.jpg?resize=768%2C512&amp;ssl=1 768w, https:\/\/i0.wp.com\/oasis.escaut.fr\/wp-content\/uploads\/2017\/05\/22338974_145694249296568_1164246871747191327_o.jpg?w=1296&amp;ssl=1 1296w\" sizes=\"auto, (max-width: 780px) 100vw, 780px\" \/><\/p>\n<p>&nbsp;<\/p>\n","protected":false},"excerpt":{"rendered":"<p>Si vous souhaitez nous soutenir, voici ce que vous pouvez faire: \u2014 O\u00f9 que vous soyez, vous pouvez nous faire un don. (voir la rubrique Financement) \u2014 Vous pouvez parler de nous dans vos r\u00e9seau. (voir la rubrique Communication) \u2014 Vous pouvez venir nous aidez. (voir la rubrique Volontariat) \u2014 Si vous \u00eates dans les <a class=\"more-link\" href=\"https:\/\/oasis.escaut.fr\/?page_id=83\">afficher la suite&#8230;<\/a><\/p>\n","protected":false},"author":1,"featured_media":0,"parent":0,"menu_order":0,"comment_status":"closed","ping_status":"closed","template":"","meta":{"jetpack_post_was_ever_published":false,"footnotes":""},"class_list":["post-83","page","type-page","status-publish","hentry"],"jetpack_sharing_enabled":true,"jetpack_shortlink":"https:\/\/wp.me\/P9CjDu-1l","jetpack_likes_enabled":true,"jetpack-related-posts":[],"_links":{"self":[{"href":"https:\/\/oasis.escaut.fr\/index.php?rest_route=\/wp\/v2\/pages\/83","targetHints":{"allow":["GET"]}}],"collection":[{"href":"https:\/\/oasis.escaut.fr\/index.php?rest_route=\/wp\/v2\/pages"}],"about":[{"href":"https:\/\/oasis.escaut.fr\/index.php?rest_route=\/wp\/v2\/types\/page"}],"author":[{"embeddable":true,"href":"https:\/\/oasis.escaut.fr\/index.php?rest_route=\/wp\/v2\/users\/1"}],"replies":[{"embeddable":true,"href":"https:\/\/oasis.escaut.fr\/index.php?rest_route=%2Fwp%2Fv2%2Fcomments&post=83"}],"version-history":[{"count":6,"href":"https:\/\/oasis.escaut.fr\/index.php?rest_route=\/wp\/v2\/pages\/83\/revisions"}],"predecessor-version":[{"id":469,"href":"https:\/\/oasis.escaut.fr\/index.php?rest_route=\/wp\/v2\/pages\/83\/revisions\/469"}],"wp:attachment":[{"href":"https:\/\/oasis.escaut.fr\/index.php?rest_route=%2Fwp%2Fv2%2Fmedia&parent=83"}],"curies":[{"name":"wp","href":"https:\/\/api.w.org\/{rel}","templated":true}]}}