{"id":97,"date":"2017-06-21T07:54:29","date_gmt":"2017-06-21T05:54:29","guid":{"rendered":"http:\/\/oasis.escaut.fr\/?page_id=97"},"modified":"2019-09-06T19:27:04","modified_gmt":"2019-09-06T17:27:04","slug":"projet","status":"publish","type":"page","link":"https:\/\/oasis.escaut.fr\/?page_id=97","title":{"rendered":"Projet"},"content":{"rendered":"<p style=\"text-align: center;\">Notre\u00a0association a pour but de promouvoir le d\u00e9veloppement durable et un mode de vie plus respectueux envers la nature\u2026<\/p>\n<div id=\"attachment_472\" style=\"width: 790px\" class=\"wp-caption aligncenter\"><img data-recalc-dims=\"1\" loading=\"lazy\" decoding=\"async\" aria-describedby=\"caption-attachment-472\" data-attachment-id=\"472\" data-permalink=\"https:\/\/oasis.escaut.fr\/?attachment_id=472#main\" data-orig-file=\"https:\/\/i0.wp.com\/oasis.escaut.fr\/wp-content\/uploads\/2017\/06\/IMG_3753.jpg?fit=4000%2C3000&amp;ssl=1\" data-orig-size=\"4000,3000\" data-comments-opened=\"1\" data-image-meta=\"{&quot;aperture&quot;:&quot;2.8&quot;,&quot;credit&quot;:&quot;&quot;,&quot;camera&quot;:&quot;Canon IXUS 115 HS&quot;,&quot;caption&quot;:&quot;&quot;,&quot;created_timestamp&quot;:&quot;1507308015&quot;,&quot;copyright&quot;:&quot;&quot;,&quot;focal_length&quot;:&quot;5&quot;,&quot;iso&quot;:&quot;200&quot;,&quot;shutter_speed&quot;:&quot;0.005&quot;,&quot;title&quot;:&quot;&quot;,&quot;orientation&quot;:&quot;1&quot;}\" data-image-title=\"IMG_3753\" data-image-description=\"\" data-image-caption=\"\" data-medium-file=\"https:\/\/i0.wp.com\/oasis.escaut.fr\/wp-content\/uploads\/2017\/06\/IMG_3753.jpg?fit=300%2C225&amp;ssl=1\" data-large-file=\"https:\/\/i0.wp.com\/oasis.escaut.fr\/wp-content\/uploads\/2017\/06\/IMG_3753.jpg?fit=780%2C585&amp;ssl=1\" class=\"wp-image-472 size-large\" src=\"https:\/\/i0.wp.com\/oasis.escaut.fr\/wp-content\/uploads\/2017\/06\/IMG_3753.jpg?resize=780%2C585\" alt=\"\" width=\"780\" height=\"585\" srcset=\"https:\/\/i0.wp.com\/oasis.escaut.fr\/wp-content\/uploads\/2017\/06\/IMG_3753.jpg?resize=1024%2C768&amp;ssl=1 1024w, https:\/\/i0.wp.com\/oasis.escaut.fr\/wp-content\/uploads\/2017\/06\/IMG_3753.jpg?resize=300%2C225&amp;ssl=1 300w, https:\/\/i0.wp.com\/oasis.escaut.fr\/wp-content\/uploads\/2017\/06\/IMG_3753.jpg?resize=768%2C576&amp;ssl=1 768w, https:\/\/i0.wp.com\/oasis.escaut.fr\/wp-content\/uploads\/2017\/06\/IMG_3753.jpg?w=1560 1560w, https:\/\/i0.wp.com\/oasis.escaut.fr\/wp-content\/uploads\/2017\/06\/IMG_3753.jpg?w=2340 2340w\" sizes=\"auto, (max-width: 780px) 100vw, 780px\" \/><p id=\"caption-attachment-472\" class=\"wp-caption-text\">Atelier r\u00e9alis\u00e9 dans le cadre des rencontres Artistiques de l\u2019Escaut \u00e0 l\u2019Abbaye de Vaucelles.<\/p><\/div>\n<p>Les objectifs de l&rsquo;Oasis sont:<\/p>\n<ul>\n<li>La formation et l\u2019\u00e9ducation \u00e0 l\u2019environnement et au d\u00e9veloppement durable.<\/li>\n<li>La formation et l\u2019\u00e9ducation populaire.<\/li>\n<li>La promotion du d\u00e9veloppement durable\u00a0: Un mode de vie qui favorise la pr\u00e9servation de l\u2019environnement, ainsi que la sauvegarde et l\u2019am\u00e9lioration de la biodiversit\u00e9.<\/li>\n<li>La promotion d\u2019un mode de vie respectueux de l\u2019humanit\u00e9.<\/li>\n<li>La vulgarisation de la permaculture et des techniques culturales soutenables, qui ont pour but l\u2019autonomie (alimentaire, \u00e9nerg\u00e9tique et mat\u00e9rielle), la coop\u00e9ration et les \u00e9changes locaux.<\/li>\n<li>La valorisation de l\u2019\u00e9conomie sociale et solidaire.<\/li>\n<li>La sensibilisation \u00e0 la pr\u00e9servation de la ressource en eau et sa valorisation.<\/li>\n<li>La sensibilisation et le soutien aux initiatives li\u00e9es aux objets expos\u00e9s ci-dessus.<\/li>\n<\/ul>\n<div id=\"attachment_475\" style=\"width: 790px\" class=\"wp-caption aligncenter\"><img data-recalc-dims=\"1\" loading=\"lazy\" decoding=\"async\" aria-describedby=\"caption-attachment-475\" data-attachment-id=\"475\" data-permalink=\"https:\/\/oasis.escaut.fr\/?attachment_id=475#main\" data-orig-file=\"https:\/\/i0.wp.com\/oasis.escaut.fr\/wp-content\/uploads\/2017\/06\/IMG_3796.jpg?fit=4000%2C3000&amp;ssl=1\" data-orig-size=\"4000,3000\" data-comments-opened=\"1\" data-image-meta=\"{&quot;aperture&quot;:&quot;8&quot;,&quot;credit&quot;:&quot;&quot;,&quot;camera&quot;:&quot;Canon IXUS 115 HS&quot;,&quot;caption&quot;:&quot;&quot;,&quot;created_timestamp&quot;:&quot;1507319404&quot;,&quot;copyright&quot;:&quot;&quot;,&quot;focal_length&quot;:&quot;5&quot;,&quot;iso&quot;:&quot;160&quot;,&quot;shutter_speed&quot;:&quot;0.0025&quot;,&quot;title&quot;:&quot;&quot;,&quot;orientation&quot;:&quot;1&quot;}\" data-image-title=\"IMG_3796\" data-image-description=\"\" data-image-caption=\"\" data-medium-file=\"https:\/\/i0.wp.com\/oasis.escaut.fr\/wp-content\/uploads\/2017\/06\/IMG_3796.jpg?fit=300%2C225&amp;ssl=1\" data-large-file=\"https:\/\/i0.wp.com\/oasis.escaut.fr\/wp-content\/uploads\/2017\/06\/IMG_3796.jpg?fit=780%2C585&amp;ssl=1\" class=\"wp-image-475 size-large\" src=\"https:\/\/i0.wp.com\/oasis.escaut.fr\/wp-content\/uploads\/2017\/06\/IMG_3796.jpg?resize=780%2C585\" alt=\"\" width=\"780\" height=\"585\" srcset=\"https:\/\/i0.wp.com\/oasis.escaut.fr\/wp-content\/uploads\/2017\/06\/IMG_3796.jpg?resize=1024%2C768&amp;ssl=1 1024w, https:\/\/i0.wp.com\/oasis.escaut.fr\/wp-content\/uploads\/2017\/06\/IMG_3796.jpg?resize=300%2C225&amp;ssl=1 300w, https:\/\/i0.wp.com\/oasis.escaut.fr\/wp-content\/uploads\/2017\/06\/IMG_3796.jpg?resize=768%2C576&amp;ssl=1 768w, https:\/\/i0.wp.com\/oasis.escaut.fr\/wp-content\/uploads\/2017\/06\/IMG_3796.jpg?w=1560 1560w, https:\/\/i0.wp.com\/oasis.escaut.fr\/wp-content\/uploads\/2017\/06\/IMG_3796.jpg?w=2340 2340w\" sizes=\"auto, (max-width: 780px) 100vw, 780px\" \/><p id=\"caption-attachment-475\" class=\"wp-caption-text\">Conception de mini culture en lasagne par les \u00e9l\u00e8ves participants.<\/p><\/div>\n<p>Pour l\u2019ann\u00e9e 2017, notre projet de fonctionnement \u00e9tait centr\u00e9 sur:<\/p>\n<ul>\n<li>Exp\u00e9rimentations en permaculture.<\/li>\n<li>R\u00e9alisation d\u2019ateliers d\u2019\u00e9ducation \u00e0 l\u2019environnement et au d\u00e9veloppement durable. (EEDD)<\/li>\n<li>Accueil et d\u00e9couverte de la Permaculture \u00e0 l\u2019Oasis.<\/li>\n<\/ul>\n","protected":false},"excerpt":{"rendered":"<p>Notre\u00a0association a pour but de promouvoir le d\u00e9veloppement durable et un mode de vie plus respectueux envers la nature\u2026 Les objectifs de l&rsquo;Oasis sont: La formation et l\u2019\u00e9ducation \u00e0 l\u2019environnement et au d\u00e9veloppement durable. La formation et l\u2019\u00e9ducation populaire. La promotion du d\u00e9veloppement durable\u00a0: Un mode de vie qui favorise la pr\u00e9servation de l\u2019environnement, ainsi <a class=\"more-link\" href=\"https:\/\/oasis.escaut.fr\/?page_id=97\">afficher la suite&#8230;<\/a><\/p>\n","protected":false},"author":1,"featured_media":0,"parent":0,"menu_order":0,"comment_status":"closed","ping_status":"closed","template":"","meta":{"jetpack_post_was_ever_published":false,"footnotes":""},"class_list":["post-97","page","type-page","status-publish","hentry"],"jetpack_sharing_enabled":true,"jetpack_shortlink":"https:\/\/wp.me\/P9CjDu-1z","jetpack_likes_enabled":true,"jetpack-related-posts":[],"_links":{"self":[{"href":"https:\/\/oasis.escaut.fr\/index.php?rest_route=\/wp\/v2\/pages\/97","targetHints":{"allow":["GET"]}}],"collection":[{"href":"https:\/\/oasis.escaut.fr\/index.php?rest_route=\/wp\/v2\/pages"}],"about":[{"href":"https:\/\/oasis.escaut.fr\/index.php?rest_route=\/wp\/v2\/types\/page"}],"author":[{"embeddable":true,"href":"https:\/\/oasis.escaut.fr\/index.php?rest_route=\/wp\/v2\/users\/1"}],"replies":[{"embeddable":true,"href":"https:\/\/oasis.escaut.fr\/index.php?rest_route=%2Fwp%2Fv2%2Fcomments&post=97"}],"version-history":[{"count":10,"href":"https:\/\/oasis.escaut.fr\/index.php?rest_route=\/wp\/v2\/pages\/97\/revisions"}],"predecessor-version":[{"id":595,"href":"https:\/\/oasis.escaut.fr\/index.php?rest_route=\/wp\/v2\/pages\/97\/revisions\/595"}],"wp:attachment":[{"href":"https:\/\/oasis.escaut.fr\/index.php?rest_route=%2Fwp%2Fv2%2Fmedia&parent=97"}],"curies":[{"name":"wp","href":"https:\/\/api.w.org\/{rel}","templated":true}]}}